{"id":500,"date":"2023-04-26T11:52:00","date_gmt":"2023-04-26T04:52:00","guid":{"rendered":"https:\/\/b2b.dalathasfarm.com\/portal\/?page_id=500"},"modified":"2023-05-27T11:50:28","modified_gmt":"2023-05-27T04:50:28","slug":"ve-chung-toi","status":"publish","type":"page","link":"https:\/\/b2b.dalathasfarm.com\/portal\/ve-chung-toi\/","title":{"rendered":"V\u1ec1 ch\u00fang t\u00f4i"},"content":{"rendered":"\n  <div class=\"banner has-hover has-parallax\" id=\"banner-683922897\">\n          <div class=\"banner-inner fill\">\n        <div class=\"banner-bg fill\" data-parallax=\"-3\" data-parallax-container=\".banner\" data-parallax-background>\n            <div class=\"bg fill bg-fill \"><\/div>\n                        <div class=\"overlay\"><\/div>            \n                    <\/div>\n\t\t\n        <div class=\"banner-layers container\">\n            <div class=\"fill banner-link\"><\/div>            \n   <div id=\"text-box-1768973126\" class=\"text-box banner-layer x50 md-x50 lg-x50 y80 md-y80 lg-y80 res-text\">\n                                <div class=\"text-box-content text dark\">\n              \n              <div class=\"text-inner text-center\">\n                  \n<h1 class=\"lead\">Dalat Hasfarm B2B<\/h1>\n<p class=\"lead\">K\u00eanh b\u00e1n s\u1ec9 hoa t\u01b0\u01a1i, ph\u1ee5 li\u1ec7u v\u00e0 c\u00e1c s\u1ea3n ph\u1ea9m li\u00ean quan ch\u00ednh th\u1ee9c c\u1ee7a th\u01b0\u01a1ng hi\u1ec7u Dalat Hasfarm.<\/p>\n              <\/div>\n           <\/div>\n                            \n<style>\n#text-box-1768973126 {\n  width: 90%;\n}\n#text-box-1768973126 .text-box-content {\n  font-size: 100%;\n}\n@media (min-width:550px) {\n  #text-box-1768973126 {\n    width: 60%;\n  }\n}\n<\/style>\n    <\/div>\n \n        <\/div>\n      <\/div>\n\n            \n<style>\n#banner-683922897 {\n  padding-top: 56.25%;\n}\n#banner-683922897 .bg.bg-loaded {\n  background-image: url(https:\/\/b2b.dalathasfarm.com\/portal\/wp-content\/uploads\/2023\/05\/Background_b2bportal.jpg);\n}\n#banner-683922897 .overlay {\n  background-color: rgba(0, 0, 0, 0.49);\n}\n#banner-683922897 .ux-shape-divider--top svg {\n  height: 150px;\n  --divider-top-width: 100%;\n}\n#banner-683922897 .ux-shape-divider--bottom svg {\n  height: 150px;\n  --divider-width: 100%;\n}\n@media (min-width:550px) {\n  #banner-683922897 {\n    padding-top: 360px;\n  }\n}\n<\/style>\n  <\/div>\n\n\n\t<section class=\"section\" id=\"section_236191625\">\n\t\t<div class=\"bg section-bg fill bg-fill  bg-loaded\" >\n\n\t\t\t\n\t\t\t\n\t\t\t\n\n\t\t<\/div>\n\n\t\t\n\n\t\t<div class=\"section-content relative\">\n\t\t\t\n<div class=\"container section-title-container\" ><h3 class=\"section-title section-title-normal\"><b><\/b><span class=\"section-title-main\" >V\u1ec1 Dalat hasfarm<\/span><b><\/b><\/h3><\/div>\n<div class=\"row\"  id=\"row-1205546983\">\n\n\t<div id=\"col-1346779160\" class=\"col small-12 large-12\"  >\n\t\t\t\t<div class=\"col-inner\"  >\n\t\t\t\n\t\t\t\n<p>T\u00ean c\u00f4ng ty: C\u00f4ng ty TNHH Dalat Hasfarm<br \/>Tr\u1ee5 s\u1edf ch\u00ednh: 450 Nguy\u00ean T\u1eed L\u1ef1c, \u0110\u00e0 L\u1ea1t, L\u00e2m \u0110\u1ed3ng, Vi\u1ec7t Nam<br \/>T\u00ean th\u01b0\u01a1ng m\u1ea1i: Dalat Hasfarm<br \/>Ng\u00e0y th\u00e0nh l\u1eadp: Ng\u00e0y 7 th\u00e1ng 6 n\u0103m 1994<br \/>S\u1ed1 l\u01b0\u1ee3ng nh\u00e2n vi\u00ean (2023): h\u01a1n 4.500<br \/>C\u00f4ng ty li\u00ean k\u1ebft: Greenwings Japan, Greenwings New Zealand, Kunming Hasfarm (China), Toba Hasfarm (Indonesia), Bromelia Flowers (Indonesia), Tropika (Indonesia).<br \/>L\u0129nh v\u1ef1c kinh doanh: s\u1ea3n xu\u1ea5t, ph\u00e2n ph\u1ed1i ng\u1ecdn gi\u1ed1ng, hoa c\u1eaft c\u00e0nh v\u00e0 hoa ch\u1eadu \u1edf th\u1ecb tr\u01b0\u1eddng n\u1ed9i \u0111\u1ecba v\u00e0 xu\u1ea5t kh\u1ea9u.<\/p>\n<div class=\"text-center\"><div class=\"is-divider divider clearfix\" ><\/div><\/div>\n<h3 style>L\u1ecaCH S\u1eec H\u00ccNH TH\u00c0NH<\/h3>\n<p>Kh\u00ed h\u1eadu \u00f4n h\u00f2a, th\u1ed5 nh\u01b0\u1ee1ng ph\u00f9 h\u1ee3p, ngu\u1ed3n nh\u00e2n l\u1ef1c d\u1ed3i d\u00e0o b\u00ean c\u1ea1nh vi\u1ec7c giao th\u00f4ng thu\u1eadn ti\u1ec7n \u0111\u1ebfn c\u00e1c th\u1ecb tr\u01b0\u1eddng qu\u1ed1c t\u1ebf ch\u00ednh l\u00e0 l\u00fd do m\u00e0 \u00d4ng Thomas Hooft \u2013 ng\u01b0\u1eddi s\u00e1ng l\u1eadp c\u1ee7a Dalat Hasfarm ch\u1ecdn \u0110\u00e0 L\u1ea1t, Vi\u1ec7t Nam l\u00e0 n\u01a1i b\u1eaft \u0111\u1ea7u x\u00e2y d\u1ef1ng n\u00f4ng tr\u1ea1i tr\u1ed3ng hoa. V\u1edbi ch\u1ec9 m\u1ed9t hecta hoa h\u1ed3ng v\u00e0 m\u1ed9t hecta c\u1ea9m ch\u01b0\u1edbng \u0111\u01b0\u1ee3c tr\u1ed3ng trong nh\u1eefng khu nh\u00e0 k\u00ednh \u0111\u01a1n gi\u1ea3n b\u1eb1ng tre,  t\u1edbi nay qua nhi\u1ec1u n\u0103m, ch\u00fang t\u00f4i \u0111\u00e3 chuy\u1ec3n sang x\u00e2y d\u1ef1ng nh\u00e0 k\u00ednh ho\u00e0n to\u00e0n b\u1eb1ng th\u00e9p v\u00e0 m\u1edf th\u00eam nhi\u1ec1u n\u00f4ng tr\u1ea1i \u1edf \u0110\u1ea1 R\u00f2n, \u0110a Qu\u00fd v\u00e0 L\u00e2m H\u00e0 v\u1edbi h\u01a1n 320 hecta \u0111\u1ea5t d\u00e0nh cho s\u1ea3n xu\u1ea5t.<\/p>\n<div class=\"row\"  id=\"row-507516398\">\n\n\t<div id=\"col-1878251864\" class=\"col medium-6 small-12 large-6\"  >\n\t\t\t\t<div class=\"col-inner\"  >\n\t\t\t\n\t\t\t\n<h3 style>S\u1ea2N PH\u1ea8M<\/h3>\n<p>Dalat Hasfarm tr\u1ed3ng hoa, d\u00e2u t\u00e2y v\u00e0 c\u00e1c s\u1ea3n ph\u1ea9m rau c\u1ee7 s\u1ea1ch \u1edf v\u00f9ng cao nguy\u00ean L\u00e2m \u0110\u1ed3ng, Vi\u1ec7t Nam. S\u1ea3n ph\u1ea9m n\u00f4ng nghi\u1ec7p do Dalat Hasfarm cung c\u1ea5p \u0111a d\u1ea1ng v\u1ec1 ch\u1ee7ng lo\u1ea1i v\u00e0 \u0111\u1ea1t ti\u00eau chu\u1ea9n ch\u1ea5t l\u01b0\u1ee3ng cao h\u01b0\u1edbng \u0111\u1ebfn kh\u00e1ch h\u00e0ng t\u1ea1i th\u1ecb tr\u01b0\u1eddng Vi\u1ec7t Nam v\u00e0 qu\u1ed1c t\u1ebf. Ch\u00fang t\u00f4i \u1ee9ng d\u1ee5ng m\u1ea1nh m\u1ebd nh\u1eefng gi\u1ea3i ph\u00e1p c\u00f4ng ngh\u1ec7 cao v\u00e0 ph\u00e1t tri\u1ec3n b\u1ec1n v\u1eefng trong vi\u1ec7c tr\u1ed3ng tr\u1ecdt,  qu\u1ea3n l\u00fd chu\u1ed7i cung \u1ee9ng, ph\u00e2n ph\u1ed1i v\u00e0 b\u00e1n l\u1ebb. \u0110i\u1ec1u n\u00e0y \u0111\u00e3 gi\u00fap ch\u00fang t\u00f4i tr\u1edf th\u00e0nh ng\u01b0\u1eddi d\u1eabn \u0111\u1ea7u trong l\u0129nh v\u1ef1c s\u1ea3n xu\u1ea5t hoa c\u1eaft c\u00e0nh v\u00e0 hoa ch\u1eadu tr\u00ean to\u00e0n th\u1ebf gi\u1edbi. Dalat Hasfarm kh\u00f4ng ng\u1eebng t\u00ecm ki\u1ebfm nh\u1eefng c\u00e1ch s\u00e1ng t\u1ea1o \u0111\u1ec3 ph\u00e1t tri\u1ec3n s\u1ea3n ph\u1ea9m t\u1eeb c\u00e2y con cho \u0111\u1ebfn hoa th\u00e0nh ph\u1ea9m. M\u1ee5c ti\u00eau c\u1ee7a ch\u00fang t\u00f4i l\u00e0 \u0111\u01b0a s\u1ea3n ph\u1ea9m ch\u1ea5t l\u01b0\u1ee3ng t\u1ed1t nh\u1ea5t \u0111\u1ebfn tay kh\u00e1ch h\u00e0ng.<\/p>\n\t\t<\/div>\n\t\t\t\t\t<\/div>\n\n\t\n\n\t<div id=\"col-1195534667\" class=\"col medium-6 small-12 large-6\"  >\n\t\t\t\t<div class=\"col-inner\"  >\n\t\t\t\n\t\t\t\n\t<div class=\"img has-hover x md-x lg-x y md-y lg-y\" id=\"image_151794228\">\n\t\t\t\t\t\t<div data-animate=\"bounceInRight\">\t\t<div class=\"img-inner dark\" >\n\t\t\t<img width=\"1650\" height=\"670\" src=\"https:\/\/b2b.dalathasfarm.com\/portal\/wp-content\/uploads\/2023\/04\/home-B2B.jpg\" class=\"attachment-original size-original\" alt=\"\" decoding=\"async\" loading=\"lazy\" srcset=\"https:\/\/b2b.dalathasfarm.com\/portal\/wp-content\/uploads\/2023\/04\/home-B2B.jpg 1650w, https:\/\/b2b.dalathasfarm.com\/portal\/wp-content\/uploads\/2023\/04\/home-B2B-800x325.jpg 800w, https:\/\/b2b.dalathasfarm.com\/portal\/wp-content\/uploads\/2023\/04\/home-B2B-1400x568.jpg 1400w, https:\/\/b2b.dalathasfarm.com\/portal\/wp-content\/uploads\/2023\/04\/home-B2B-768x312.jpg 768w, https:\/\/b2b.dalathasfarm.com\/portal\/wp-content\/uploads\/2023\/04\/home-B2B-1536x624.jpg 1536w\" sizes=\"(max-width: 1650px) 100vw, 1650px\" \/>\t\t\t\t\t\t\n\t\t\t\t\t<\/div>\n\t\t<\/div>\t\t\t\t\t\t\n<style>\n#image_151794228 {\n  width: 100%;\n}\n<\/style>\n\t<\/div>\n\t\n\t\t<\/div>\n\t\t\t\t\n<style>\n#col-1195534667 > .col-inner {\n  margin: 0px 0px 0px 0px;\n}\n@media (min-width:550px) {\n  #col-1195534667 > .col-inner {\n    margin: 60px 0px 0px 0px;\n  }\n}\n<\/style>\n\t<\/div>\n\n\t\n<\/div>\n<div class=\"row\"  id=\"row-903628717\">\n\n\t<div id=\"col-1383306627\" class=\"col medium-4 small-12 large-4\"  data-animate=\"fadeInLeft\">\n\t\t\t\t<div class=\"col-inner\"  >\n\t\t\t\n\t\t\t\n<h3 style>T\u1ea6M NH\u00ccN<\/h3>\n<p>Dalat Hasfarm ph\u1ea5n \u0111\u1ea5u tr\u1edf th\u00e0nh s\u1ef1 l\u1ef1a ch\u1ecdn h\u00e0ng \u0111\u1ea7u trong th\u1ecb tr\u01b0\u1eddng hoa Ch\u00e2u \u00c1 Th\u00e1i B\u00ecnh D\u01b0\u01a1ng, l\u00e0 nh\u00e0 cung c\u1ea5p hoa v\u1edbi c\u00f4ng ngh\u1ec7 cao, lu\u00f4n \u0111\u1ed5i m\u1edbi v\u00e0 h\u01b0\u1edbng \u0111\u1ebfn kh\u00e1ch h\u00e0ng.<\/p>\n\t\t<\/div>\n\t\t\t\t\t<\/div>\n\n\t\n\n\t<div id=\"col-137409086\" class=\"col medium-4 small-12 large-4\"  data-animate=\"fadeInDown\">\n\t\t\t\t<div class=\"col-inner\"  >\n\t\t\t\n\t\t\t\n<h3>S\u1ee8 M\u1ec6NH<\/h3>\n<p>Dalat Hasfarm s\u1ebd lu\u00f4n s\u00e1ng t\u1ea1o, s\u1ea3n xu\u1ea5t v\u00e0 ph\u00e2n ph\u1ed1i nh\u1eefng s\u1ea3n ph\u1ea9m hoa, c\u00e2y tr\u1ed3ng, ng\u1ecdn gi\u1ed1ng v\u00e0 nh\u1eefng s\u1ea3n ph\u1ea9m d\u1ecbch v\u1ee5 li\u00ean quan c\u00f3 ch\u1ea5t l\u01b0\u1ee3ng t\u1ed1t nh\u1ea5t, ho\u1ea1t \u0111\u1ed9ng theo \u0111\u1ecbnh h\u01b0\u1edbng ph\u00e1t tri\u1ec3n b\u1ec1n v\u1eefng v\u1edbi tr\u00e1ch nhi\u1ec7m x\u00e3 h\u1ed9i v\u00e0 cam k\u1ebft cao nh\u1ea5t v\u1edbi c\u00e1c b\u00ean li\u00ean quan.<\/p>\n\t\t<\/div>\n\t\t\t\t\t<\/div>\n\n\t\n\n\t<div id=\"col-207550850\" class=\"col medium-4 small-12 large-4\"  data-animate=\"fadeInRight\">\n\t\t\t\t<div class=\"col-inner\"  >\n\t\t\t\n\t\t\t\n<h3>GI\u00c1 TR\u1eca C\u1ed0T L\u00d5I<\/h3>\n<p>Lu\u00f4n \u0111\u1ed5i m\u1edbi<br \/>\nPh\u00e1t tri\u1ec3n b\u1ec1n v\u1eefng<br \/>\nLu\u00f4n h\u01b0\u1edbng \u0111\u1ebfn kh\u00e1ch h\u00e0ng<br \/>\nC\u00f4ng ngh\u1ec7 cao<\/p>\n\t\t<\/div>\n\t\t\t\t\t<\/div>\n\n\t\n<\/div>\n<p style=\"text-align: center;\"><iframe loading=\"lazy\" title=\"YouTube video player\" src=\"https:\/\/www.youtube.com\/embed\/AueJSkLfQIM\" width=\"560\" height=\"315\" frameborder=\"0\" allowfullscreen=\"allowfullscreen\"><\/iframe><\/p>\n\t\t<\/div>\n\t\t\t\t\t<\/div>\n\n\t\n<\/div>\n\t\t<\/div>\n\n\t\t\n<style>\n#section_236191625 {\n  padding-top: 15px;\n  padding-bottom: 15px;\n}\n#section_236191625 .ux-shape-divider--top svg {\n  height: 150px;\n  --divider-top-width: 100%;\n}\n#section_236191625 .ux-shape-divider--bottom svg {\n  height: 150px;\n  --divider-width: 100%;\n}\n<\/style>\n\t<\/section>\n\t\n<span class=\"scroll-to\" data-label=\"Scroll to: #DCinfo\" data-bullet=\"false\" data-link=\"#DCinfo\" data-title=\"DC Info\"><a name=\"DCinfo\"><\/a><\/span>\n\t<section class=\"section\" id=\"section_1548597662\">\n\t\t<div class=\"bg section-bg fill bg-fill  bg-loaded\" >\n\n\t\t\t\n\t\t\t<div class=\"section-bg-overlay absolute fill\"><\/div>\n\t\t\t\n\n\t\t<\/div>\n\n\t\t\n\n\t\t<div class=\"section-content relative\">\n\t\t\t\n<div class=\"container section-title-container\" ><h3 class=\"section-title section-title-normal\"><b><\/b><span class=\"section-title-main\" >Trung t\u00e2m ph\u00e2n ph\u1ed1i t\u1ea1i vi\u1ec7t nam<\/span><b><\/b><\/h3><\/div>\n<div class=\"row\"  id=\"row-1637574705\">\n\n\t<div id=\"col-162160350\" class=\"col medium-6 small-12 large-6\"  >\n\t\t\t\t<div class=\"col-inner\"  >\n\t\t\t\n\t\t\t\n<p>Dalat Hasfarm ph\u00e2n ph\u1ed1i s\u1ea3n ph\u1ea9m t\u1ea1i c\u00e1c t\u1ec9nh, th\u00e0nh ph\u1ed1 tr\u00ean to\u00e0n qu\u1ed1c th\u00f4ng qua 4 trung t\u00e2m ph\u00e2n ph\u1ed1i ch\u00ednh.<\/p>\n<div class=\"row\"  id=\"row-1237020967\">\n\n\n\t<div id=\"col-1130354923\" class=\"col small-12 large-12\"  >\n\t\t\t\t<div class=\"col-inner\"  >\n\t\t\t\n\t\t\t\n\n<p><strong>H\u1ed3 Ch\u00ed Minh DC<\/strong> - L\u00f4 III 4-5, \u0110\u01b0\u1eddng s\u1ed1 10, KCN T\u00e2n B\u00ecnh, T\u00e2n Ph\u00fa, TP.HCM<br \/><em>Hotline: 028 3811 2801<\/em><br \/><strong>H\u00e0 N\u1ed9i DC<\/strong> - 03-05 Nguy\u1ec5n V\u0103n Linh, Long Bi\u00ean, H\u00e0 N\u1ed9i<br \/><em>Hotline: 024 3593 1888<\/em><br \/><strong>\u0110\u00e0 L\u1ea1t DC<\/strong> - 450 Nguy\u00ean T\u1eed L\u1ef1c, P.8, \u00d0\u00e0 L\u1ea1t, L\u00e2m \u00d0\u1ed3ng<br \/><em>Hotline: 0263 382 4947<\/em><br \/><strong>C\u1ea7n Th\u01a1 DC<\/strong> - 358 T\u1ea7m Vu, H\u01b0ng L\u1ee3i, Ninh Ki\u1ec1u, C\u1ea7n Th\u01a1<br \/><em>Hotline: 0292 394 3171<\/em><\/p>\n\n\t\t<\/div>\n\t\t\t\t\t<\/div>\n\n\t\n\n<\/div>\n\t\t<\/div>\n\t\t\t\t\t<\/div>\n\n\t\n\n\t<div id=\"col-897712694\" class=\"col medium-6 small-12 large-6\"  >\n\t\t\t\t<div class=\"col-inner text-center\"  >\n\t\t\t\n\t\t\t\n\t<div class=\"img has-hover x md-x lg-x y md-y lg-y\" id=\"image_53662341\">\n\t\t\t\t\t\t<div data-animate=\"fadeInRight\">\t\t<div class=\"img-inner dark\" >\n\t\t\t<img width=\"1200\" height=\"900\" src=\"https:\/\/b2b.dalathasfarm.com\/portal\/wp-content\/uploads\/2023\/05\/b2bportal_DC.jpg\" class=\"attachment-original size-original\" alt=\"\" decoding=\"async\" loading=\"lazy\" srcset=\"https:\/\/b2b.dalathasfarm.com\/portal\/wp-content\/uploads\/2023\/05\/b2bportal_DC.jpg 1200w, https:\/\/b2b.dalathasfarm.com\/portal\/wp-content\/uploads\/2023\/05\/b2bportal_DC-533x400.jpg 533w, https:\/\/b2b.dalathasfarm.com\/portal\/wp-content\/uploads\/2023\/05\/b2bportal_DC-1067x800.jpg 1067w, https:\/\/b2b.dalathasfarm.com\/portal\/wp-content\/uploads\/2023\/05\/b2bportal_DC-768x576.jpg 768w\" sizes=\"(max-width: 1200px) 100vw, 1200px\" \/>\t\t\t\t\t\t\n\t\t\t\t\t<\/div>\n\t\t<\/div>\t\t\t\t\t\t\n<style>\n#image_53662341 {\n  width: 100%;\n}\n@media (min-width:550px) {\n  #image_53662341 {\n    width: 80%;\n  }\n}\n<\/style>\n\t<\/div>\n\t\n\t\t<\/div>\n\t\t\t\t\t<\/div>\n\n\t\n<\/div>\n\t\t<\/div>\n\n\t\t\n<style>\n#section_1548597662 {\n  padding-top: 10px;\n  padding-bottom: 10px;\n  background-color: rgb(193, 193, 193);\n}\n#section_1548597662 .section-bg-overlay {\n  background-color: rgba(255, 255, 255, 0.85);\n}\n#section_1548597662 .ux-shape-divider--top svg {\n  height: 150px;\n  --divider-top-width: 100%;\n}\n#section_1548597662 .ux-shape-divider--bottom svg {\n  height: 150px;\n  --divider-width: 100%;\n}\n<\/style>\n\t<\/section>\n\t\n\t<section class=\"section\" id=\"section_1264642377\">\n\t\t<div class=\"bg section-bg fill bg-fill  bg-loaded\" >\n\n\t\t\t\n\t\t\t\n\t\t\t\n\n\t\t<\/div>\n\n\t\t\n\n\t\t<div class=\"section-content relative\">\n\t\t\t\n<div class=\"container section-title-container\" ><h3 class=\"section-title section-title-normal\"><b><\/b><span class=\"section-title-main\" >V\u1ec0 B2B APP<\/span><b><\/b><\/h3><\/div>\n<div class=\"row\"  id=\"row-1376961415\">\n\n\t<div id=\"col-1998501540\" class=\"col medium-10 small-12 large-10\"  >\n\t\t\t\t<div class=\"col-inner\"  >\n\t\t\t\n\t\t\t\n<div class=\"row\"  id=\"row-682676077\">\n\n\n\t<div id=\"col-2140603313\" class=\"col small-12 large-12\"  >\n\t\t\t\t<div class=\"col-inner\"  >\n\t\t\t\n\t\t\t\n\n\t<div id=\"text-3285974004\" class=\"text\">\n\t\t\n\n<p>Cung c\u1ea5p nhi\u1ec1u t\u00ednh n\u0103ng v\u00e0 mang l\u1ea1i l\u1ee3i \u00edch gi\u00fap t\u1ed1i \u01b0u h\u00f3a quy tr\u00ecnh mua h\u00e0ng s\u1ed1 l\u01b0\u1ee3ng l\u1edbn v\u00e0 th\u01b0\u1eddng xuy\u00ean bao g\u1ed3m vi\u1ec7c l\u1ef1a ch\u1ecdn \u0111a d\u1ea1ng s\u1ea3n ph\u1ea9m, th\u00f4ng tin gi\u00e1, t\u00ecnh tr\u1ea1ng h\u00e0ng h\u00f3a v\u00e0 qu\u1ea3n l\u00fd \u0111\u01a1n h\u00e0ng theo th\u1eddi gian th\u1ef1c. Ngo\u00e0i ra, \u1ee9ng d\u1ee5ng c\u00f2n nhi\u1ec1u ti\u1ec7n \u00edch c\u00e1 nh\u00e2n h\u00f3a ng\u01b0\u1eddi d\u00f9ng, h\u1ed7 tr\u1ee3 d\u1ecbch v\u1ee5 kh\u00e1ch h\u00e0ng nh\u1eb1m mang \u0111\u1ebfn tr\u1ea3i nghi\u1ec7m mua h\u00e0ng t\u1ed1t nh\u1ea5t.<\/p>\n\t\t\n<style>\n#text-3285974004 {\n  text-align: left;\n}\n<\/style>\n\t<\/div>\n\t\n\n\t\t<\/div>\n\t\t\t\t\t<\/div>\n\n\t\n\n<\/div>\n<p>Dalat Hasfarm B2B App l\u00e0 \u1ee9ng d\u1ee5ng ch\u1ec9 d\u00e0nh ri\u00eang cho kh\u00e1ch h\u00e0ng mua s\u1ec9 ho\u1eb7c mua hoa s\u1ed1 l\u01b0\u1ee3ng l\u1edbn t\u1eeb c\u00e1c trung t\u00e2m ph\u00e2n ph\u1ed1i hi\u1ec7n t\u1ea1i c\u1ee7a Dalat Hasfarm tr\u00ean to\u00e0n qu\u1ed1c. \u0110i\u1ec1u n\u00e0y c\u00f3 ngh\u0129a kh\u00e1ch h\u00e0ng l\u1ebb, c\u00e1 nh\u00e2n ho\u1eb7c mua kh\u00f4ng th\u01b0\u1eddng xuy\u00ean s\u1ebd kh\u00f4ng th\u1ec3 truy c\u1eadp \u1ee9ng d\u1ee5ng n\u00e0y.<\/p>\n<a data-animate=\"fadeInDown\" href=\"https:\/\/b2b.dalathasfarm.com\/portal\/#downloadapp\" target=\"_self\" class=\"button primary expand\"  style=\"border-radius:99px;\">\n    <span>Download Now<\/span>\n  <\/a>\n\n\t\t<\/div>\n\t\t\t\t\t<\/div>\n\n\t\n\n\t<div id=\"col-1146643562\" class=\"col medium-2 small-12 large-2\"  >\n\t\t\t\t<div class=\"col-inner text-center\"  >\n\t\t\t\n\t\t\t\n\t<div class=\"img has-hover x md-x lg-x y md-y lg-y\" id=\"image_693936206\">\n\t\t\t\t\t\t\t\t<div class=\"img-inner dark\" >\n\t\t\t<img width=\"420\" height=\"854\" src=\"https:\/\/b2b.dalathasfarm.com\/portal\/wp-content\/uploads\/2023\/05\/PHONE_login.png\" class=\"attachment-original size-original\" alt=\"\" decoding=\"async\" loading=\"lazy\" srcset=\"https:\/\/b2b.dalathasfarm.com\/portal\/wp-content\/uploads\/2023\/05\/PHONE_login.png 420w, https:\/\/b2b.dalathasfarm.com\/portal\/wp-content\/uploads\/2023\/05\/PHONE_login-197x400.png 197w, https:\/\/b2b.dalathasfarm.com\/portal\/wp-content\/uploads\/2023\/05\/PHONE_login-393x800.png 393w\" sizes=\"(max-width: 420px) 100vw, 420px\" \/>\t\t\t\t\t\t\n\t\t\t\t\t<\/div>\n\t\t\t\t\t\t\t\t\n<style>\n#image_693936206 {\n  width: 60%;\n}\n@media (min-width:550px) {\n  #image_693936206 {\n    width: 100%;\n  }\n}\n<\/style>\n\t<\/div>\n\t\n\t\t<\/div>\n\t\t\t\t\t<\/div>\n\n\t\n<\/div>\n\t\t<\/div>\n\n\t\t\n<style>\n#section_1264642377 {\n  padding-top: 30px;\n  padding-bottom: 30px;\n}\n#section_1264642377 .ux-shape-divider--top svg {\n  height: 150px;\n  --divider-top-width: 100%;\n}\n#section_1264642377 .ux-shape-divider--bottom svg {\n  height: 150px;\n  --divider-width: 100%;\n}\n<\/style>\n\t<\/section>\n\t\n","protected":false},"excerpt":{"rendered":"","protected":false},"author":1,"featured_media":0,"parent":0,"menu_order":0,"comment_status":"closed","ping_status":"closed","template":"page-blank.php","meta":[],"aioseo_notices":[],"_links":{"self":[{"href":"https:\/\/b2b.dalathasfarm.com\/portal\/wp-json\/wp\/v2\/pages\/500"}],"collection":[{"href":"https:\/\/b2b.dalathasfarm.com\/portal\/wp-json\/wp\/v2\/pages"}],"about":[{"href":"https:\/\/b2b.dalathasfarm.com\/portal\/wp-json\/wp\/v2\/types\/page"}],"author":[{"embeddable":true,"href":"https:\/\/b2b.dalathasfarm.com\/portal\/wp-json\/wp\/v2\/users\/1"}],"replies":[{"embeddable":true,"href":"https:\/\/b2b.dalathasfarm.com\/portal\/wp-json\/wp\/v2\/comments?post=500"}],"version-history":[{"count":0,"href":"https:\/\/b2b.dalathasfarm.com\/portal\/wp-json\/wp\/v2\/pages\/500\/revisions"}],"wp:attachment":[{"href":"https:\/\/b2b.dalathasfarm.com\/portal\/wp-json\/wp\/v2\/media?parent=500"}],"curies":[{"name":"wp","href":"https:\/\/api.w.org\/{rel}","templated":true}]}}