{"id":526,"date":"2023-04-26T16:01:00","date_gmt":"2023-04-26T09:01:00","guid":{"rendered":"https:\/\/b2b.dalathasfarm.com\/portal\/?page_id=526"},"modified":"2023-04-27T13:53:18","modified_gmt":"2023-04-27T06:53:18","slug":"cau-hoi-thuong-gap","status":"publish","type":"page","link":"https:\/\/b2b.dalathasfarm.com\/portal\/cau-hoi-thuong-gap\/","title":{"rendered":"C\u00e2u h\u1ecfi th\u01b0\u1eddng g\u1eb7p"},"content":{"rendered":"<div class=\"row row-small\"  id=\"row-2051625451\">\n\n\t<div id=\"col-1476289815\" class=\"col small-12 large-12\"  >\n\t\t\t\t<div class=\"col-inner\"  >\n\t\t\t\n\t\t\t\n<h2>M\u1ed8T S\u1ed0 C\u00c2U H\u1eceI TH\u01af\u1edcNG G\u1eb6P<\/h2>\n<p class=\"lead\">Qu\u00fd kh\u00e1ch c\u00f3 th\u1ec3 ch\u1ecdn xem ho\u1eb7c t\u00ecm ki\u1ebfm th\u00f4ng tin c\u1ea7n thi\u1ebft b\u00ean d\u01b0\u1edbi.<\/p>\n<h3 class=\"accordion_title\">Th\u00f4ng tin chung<\/h3><div class=\"accordion\">\n\n<div id=\"accordion-2655824656\" class=\"accordion-item\"><a id=\"accordion-2655824656-label\" href=\"#\" class=\"accordion-title plain\" aria-expanded=\"false\" aria-controls=\"accordion-2655824656-content\"><button class=\"toggle\" aria-label=\"Toggle\"><i class=\"icon-angle-down\"><\/i><\/button><span>\u1ee8ng d\u1ee5ng B2B app c\u00f3 th\u1ec3 thay th\u1ebf ho\u00e0n to\u00e0n ph\u01b0\u01a1ng th\u1ee9c truy\u1ec1n th\u1ed1ng kh\u00f4ng?<\/span><\/a><div id=\"accordion-2655824656-content\" class=\"accordion-inner\" aria-labelledby=\"accordion-2655824656-label\">\n\n<p>Kh\u00f4ng. Kh\u00e1ch h\u00e0ng c\u00f3 th\u1ec3 th\u1ef1c hi\u1ec7n \u0111\u1eb7t h\u00e0ng song song c\u1ea3 2 h\u00ecnh th\u1ee9c qua n\u1ec1n t\u1ea3ng B2B App v\u00e0 c\u1ea3 b\u1eb1ng \u0111i\u1ec7n tho\u1ea1i\/ Email. V\u1edbi nhi\u1ec1u ti\u1ec7n \u00edch v\u00e0 \u01b0u \u0111\u00e3i, Dalat Hasfarm khuy\u1ebfn kh\u00edch kh\u00e1ch h\u00e0ng tr\u1ea3i nghi\u1ec7m \u0111\u1eb7t h\u00e0ng tr\u1ef1c tuy\u1ebfn qua App.<\/p>\n\n<\/div><\/div>\n<div id=\"accordion-2519855059\" class=\"accordion-item\"><a id=\"accordion-2519855059-label\" href=\"#\" class=\"accordion-title plain\" aria-expanded=\"false\" aria-controls=\"accordion-2519855059-content\"><button class=\"toggle\" aria-label=\"Toggle\"><i class=\"icon-angle-down\"><\/i><\/button><span>M\u1ed9t t\u00e0i kho\u1ea3n \u0111\u0103ng nh\u1eadp c\u00f3 th\u1ec3 \u0111\u1eb7t h\u00e0ng nhi\u1ec1u khu v\u1ef1c m\u1ed9t l\u00fac \u0111\u01b0\u1ee3c kh\u00f4ng?<\/span><\/a><div id=\"accordion-2519855059-content\" class=\"accordion-inner\" aria-labelledby=\"accordion-2519855059-label\">\n\n<p>M\u1ed7i t\u00e0i kho\u1ea3n khi \u0111\u0103ng k\u00fd \u0111\u00e3 \u0111\u01b0\u1ee3c x\u00e1c \u0111\u1ecbnh v\u00e0 ch\u1ecdn khu v\u1ef1c n\u00ean ch\u1ec9 \u0111\u01b0\u1ee3c th\u1ef1c hi\u1ec7n \u0111\u1eb7t h\u00e0ng trong ph\u1ea1m vi m\u00e0 kh\u00e1ch h\u00e0ng kinh doanh. V\u00ed d\u1ee5 kh\u00e1ch h\u00e0ng c\u00f3 m\u00e3 \u0111\u0103ng k\u00fd \u1edf khu v\u1ef1c S\u00e0i G\u00f2n DC s\u1ebd kh\u00f4ng \u0111\u1eb7t v\u00e0 giao h\u00e0ng t\u1ea1i C\u1ea7n Th\u01a1 DC\/ \u0110\u00e0 L\u1ea1t DC\/ H\u00e0 N\u1ed9i DC ho\u1eb7c ng\u01b0\u1ee3c l\u1ea1i.<\/p>\n\n<\/div><\/div>\n<div id=\"accordion-4011941529\" class=\"accordion-item\"><a id=\"accordion-4011941529-label\" href=\"#\" class=\"accordion-title plain\" aria-expanded=\"false\" aria-controls=\"accordion-4011941529-content\"><button class=\"toggle\" aria-label=\"Toggle\"><i class=\"icon-angle-down\"><\/i><\/button><span>\u0110\u1eb7t h\u00e0ng tr\u1ef1c tuy\u1ebfn qua B2B app c\u00f3 kh\u00e1c v\u1edbi \u0111\u1eb7t h\u00e0ng qua trang shop.dalathasfarm.com kh\u00f4ng?<\/span><\/a><div id=\"accordion-4011941529-content\" class=\"accordion-inner\" aria-labelledby=\"accordion-4011941529-label\">\n\n<p>B2B App l\u00e0 n\u1ec1n t\u1ea3ng d\u00e0nh ri\u00eang cho kh\u00e1ch h\u00e0ng s\u1ec9, b\u00e1n bu\u00f4n v\u1edbi s\u1ed1 l\u01b0\u1ee3ng l\u1edbn v\u00e0 th\u01b0\u1eddng xuy\u00ean c\u0169ng nh\u01b0 \u0111\u1eb7c tr\u01b0ng c\u1ee7a c\u00f4ng ty\/ doanh nghi\u1ec7p, trong khi \u0111\u00f3 trang shop.dalathasfarm.com h\u01b0\u1edbng \u0111\u1ebfn \u0111\u00f4ng \u0111\u1ea3o kh\u00e1ch h\u00e0ng t\u1ef1 do v\u1edbi nhu c\u1ea7u mua hoa l\u1ebb.<\/p>\n\n<\/div><\/div>\n\n<\/div>\n<h3 class=\"accordion_title\">T\u00e0i kho\u1ea3n<\/h3><div class=\"accordion\">\n\n<div id=\"accordion-1495230669\" class=\"accordion-item\"><a id=\"accordion-1495230669-label\" href=\"#\" class=\"accordion-title plain\" aria-expanded=\"false\" aria-controls=\"accordion-1495230669-content\"><button class=\"toggle\" aria-label=\"Toggle\"><i class=\"icon-angle-down\"><\/i><\/button><span>T\u00f4i l\u00e0 kh\u00e1ch h\u00e0ng m\u1edbi, l\u00e0m th\u1ebf n\u00e0o c\u00f3 th\u1ec3 s\u1eed d\u1ee5ng \u1ee9ng d\u1ee5ng?<\/span><\/a><div id=\"accordion-1495230669-content\" class=\"accordion-inner\" aria-labelledby=\"accordion-1495230669-label\">\n\n<p>B\u1ea1n l\u00e0 kh\u00e1ch h\u00e0ng m\u1edbi v\u00e0 ch\u01b0a c\u00f3 t\u00e0i kho\u1ea3n, b\u1ea1n c\u1ea7n t\u1ea3i \u1ee9ng d\u1ee5ng Dalat Hasfarm B2B tr\u00ean CH Play cho phi\u00ean b\u1ea3n d\u00f9ng tr\u00ean Android, t\u1ea3i tr\u00ean App Store cho phi\u00ean b\u1ea3n tr\u00ean IOS v\u00e0 ti\u1ebfn h\u00e0nh \u0111\u0103ng k\u00fd t\u00e0i kho\u1ea3n theo bi\u1ec3u m\u1eabu. Sau khi x\u00e1c nh\u1eadn b\u1eb1ng m\u00e3 OTP, h\u1ec7 th\u1ed1ng s\u1ebd th\u00f4ng b\u00e1o b\u1ea1n \u0111\u00e3 \u0111\u0103ng k\u00fd t\u00e0i kho\u1ea3n th\u00e0nh c\u00f4ng v\u00e0 c\u1ea7n ch\u1edd \u0111\u01b0\u1ee3c x\u00e9t duy\u1ec7t b\u1edfi Dalat Hasfarm. Sau khi ho\u00e0n t\u1ea5t th\u1ee7 t\u1ee5c, b\u1ea1n \u0111\u0103ng nh\u1eadp app b\u1eb1ng t\u00e0i kho\u1ea3n l\u00e0 s\u1ed1 \u0111i\u1ec7n tho\u1ea1i v\u00e0 m\u1eadt kh\u1ea9u \u0111\u00e3 \u0111\u0103ng k\u00ed.<\/p>\n\n<\/div><\/div>\n<div id=\"accordion-2632154067\" class=\"accordion-item\"><a id=\"accordion-2632154067-label\" href=\"#\" class=\"accordion-title plain\" aria-expanded=\"false\" aria-controls=\"accordion-2632154067-content\"><button class=\"toggle\" aria-label=\"Toggle\"><i class=\"icon-angle-down\"><\/i><\/button><span>T\u00f4i qu\u00ean m\u1eadt kh\u1ea9u, l\u00e0m th\u1ebf n\u00e0o \u0111\u1ec3 l\u1ea5y l\u1ea1i m\u1eadt kh\u1ea9u?<\/span><\/a><div id=\"accordion-2632154067-content\" class=\"accordion-inner\" aria-labelledby=\"accordion-2632154067-label\">\n\n<p>T\u1ea1i giao di\u1ec7n \u201c\u0111\u0103ng nh\u1eadp\u201d b\u1ea1n ch\u1ecdn \u201cQu\u00ean m\u1eadt kh\u1ea9u\u201d, h\u00e3y \u0111i\u1ec1n s\u1ed1 \u0111i\u1ec7n tho\u1ea1i \u0111\u0103ng k\u00fd t\u00e0i kho\u1ea3n \u0111\u1ec3 nh\u1eadn m\u00e3 OTP x\u00e1c th\u1ef1c \u0111\u1ed5i m\u1eadt kh\u1ea9u m\u1edbi.<\/p>\n\n<\/div><\/div>\n<div id=\"accordion-36319049\" class=\"accordion-item\"><a id=\"accordion-36319049-label\" href=\"#\" class=\"accordion-title plain\" aria-expanded=\"false\" aria-controls=\"accordion-36319049-content\"><button class=\"toggle\" aria-label=\"Toggle\"><i class=\"icon-angle-down\"><\/i><\/button><span>L\u00e0m th\u1ebf n\u00e0o \u0111\u1ec3 c\u1eadp nh\u1eadt th\u00f4ng tin t\u00e0i kho\u1ea3n?<\/span><\/a><div id=\"accordion-36319049-content\" class=\"accordion-inner\" aria-labelledby=\"accordion-36319049-label\">\n\n<p>B\u1ea1n v\u00e0o m\u1ee5c \"T\u00e0i kho\u1ea3n\" tr\u00ean App v\u00e0o ch\u1ecdn m\u1ee5c \"Th\u00f4ng tin t\u00e0i kho\u1ea3n\" \u0111\u1ec3 c\u1eadp nh\u1eadt.<\/p>\n\n<\/div><\/div>\n<div id=\"accordion-75407570\" class=\"accordion-item\"><a id=\"accordion-75407570-label\" href=\"#\" class=\"accordion-title plain\" aria-expanded=\"false\" aria-controls=\"accordion-75407570-content\"><button class=\"toggle\" aria-label=\"Toggle\"><i class=\"icon-angle-down\"><\/i><\/button><span>T\u00f4i c\u00f3 nhi\u1ec1u \u0111\u1ecba ch\u1ec9 giao h\u00e0ng, l\u00e0m th\u1ebf n\u00e0o \u0111\u1ec3 giao h\u00e0ng theo c\u00e1c \u0111\u1ecba ch\u1ec9 \u0111\u00f3?<\/span><\/a><div id=\"accordion-75407570-content\" class=\"accordion-inner\" aria-labelledby=\"accordion-75407570-label\">\n\n<p>Khi \u0111\u1eb7t \u0111\u01a1n h\u00e0ng, b\u1ea1n ho\u00e0n to\u00e0n c\u00f3 th\u1ec3 thay \u0111\u1ed5i \u0111\u1ecba ch\u1ec9 giao h\u00e0ng m\u00e0 b\u1ea1n mu\u1ed1n trong m\u1ee5c ch\u1ecdn \u0111\u1ecba ch\u1ec9.<\/p>\n\n<\/div><\/div>\n\n<\/div>\n<h3 class=\"accordion_title\">S\u1ea3n ph\u1ea9m<\/h3><div class=\"accordion\">\n\n<div id=\"accordion-3453632616\" class=\"accordion-item\"><a id=\"accordion-3453632616-label\" href=\"#\" class=\"accordion-title plain\" aria-expanded=\"false\" aria-controls=\"accordion-3453632616-content\"><button class=\"toggle\" aria-label=\"Toggle\"><i class=\"icon-angle-down\"><\/i><\/button><span>S\u1ed1 l\u01b0\u1ee3ng \u0111\u1eb7t h\u00e0ng t\u1ed1i thi\u1ec3u l\u00e0 g\u00ec?<\/span><\/a><div id=\"accordion-3453632616-content\" class=\"accordion-inner\" aria-labelledby=\"accordion-3453632616-label\">\n\n<p>L\u00e0 s\u1ed1 l\u01b0\u1ee3ng t\u1ed1i thi\u1ec3u c\u1ea7n thi\u1ebft \u0111\u1ec3 \u0111\u1eb7t \u0111\u01b0\u1ee3c s\u1ea3n ph\u1ea9m.<\/p>\n\n<\/div><\/div>\n<div id=\"accordion-156574738\" class=\"accordion-item\"><a id=\"accordion-156574738-label\" href=\"#\" class=\"accordion-title plain\" aria-expanded=\"false\" aria-controls=\"accordion-156574738-content\"><button class=\"toggle\" aria-label=\"Toggle\"><i class=\"icon-angle-down\"><\/i><\/button><span>C\u00f3 ph\u1ea3i t\u1ea5t c\u1ea3 s\u1ea3n ph\u1ea9m hi\u1ec3n th\u1ecb tr\u00ean app \u0111\u1ec1u c\u00f3 th\u1ec3 mua kh\u00f4ng gi\u1edbi h\u1ea1n s\u1ed1 l\u01b0\u1ee3ng?<\/span><\/a><div id=\"accordion-156574738-content\" class=\"accordion-inner\" aria-labelledby=\"accordion-156574738-label\">\n\n<p>C\u00e1c s\u1ea3n ph\u1ea9m tr\u00ean App c\u00f3 c\u01a1 ch\u1ebf hi\u1ec3n th\u1ecb theo s\u1ed1 l\u01b0\u1ee3ng t\u1ed3n kho nh\u1ea5t \u0111\u1ecbnh, v\u1edbi nh\u1eefng kh\u00e1ch h\u00e0ng c\u00f3 nhu c\u1ea7u v\u01b0\u1ee3t qu\u00e1 s\u1ed1 l\u01b0\u1ee3ng s\u1eb5n c\u00f3, nh\u00e2n vi\u00ean Dalat Hasfarm s\u1ebd x\u00e1c nh\u1eadn l\u1ea1i s\u1ed1 l\u01b0\u1ee3ng ch\u00ednh x\u00e1c c\u1ee7a \u0111\u01a1n h\u00e0ng tr\u00ean \u1ee9ng d\u1ee5ng.<\/p>\n\n<\/div><\/div>\n<div id=\"accordion-3918537002\" class=\"accordion-item\"><a id=\"accordion-3918537002-label\" href=\"#\" class=\"accordion-title plain\" aria-expanded=\"false\" aria-controls=\"accordion-3918537002-content\"><button class=\"toggle\" aria-label=\"Toggle\"><i class=\"icon-angle-down\"><\/i><\/button><span>H\u00ecnh \u1ea3nh s\u1ea3n ph\u1ea9m tr\u00ean app c\u00f3 ph\u1ea3i h\u00ecnh \u1ea3nh th\u1eadt c\u1ee7a Dalat Hasfarm kh\u00f4ng?<\/span><\/a><div id=\"accordion-3918537002-content\" class=\"accordion-inner\" aria-labelledby=\"accordion-3918537002-label\">\n\n<p>H\u00ecnh \u1ea3nh s\u1ea3n ph\u1ea9m tr\u00ean App \u0111\u01b0\u1ee3c ch\u1ee5p th\u1ef1c t\u1ebf t\u1ea1i Dalat Hasfarm \u1edf 1 th\u1eddi \u0111i\u1ec3m nh\u1ea5t \u0111\u1ecbnh tuy nhi\u00ean do t\u00ednh ch\u1ea5t \u0111\u1eb7c tr\u01b0ng c\u1ee7a c\u00e2y v\u00e0 hoa n\u00ean s\u1ea3n ph\u1ea9m nh\u1eadn \u0111\u01b0\u1ee3c c\u00f3 th\u1ec3 kh\u00f4ng gi\u1ed1ng h\u00ecnh minh h\u1ecda 100%.<\/p>\n\n<\/div><\/div>\n<div id=\"accordion-591497971\" class=\"accordion-item\"><a id=\"accordion-591497971-label\" href=\"#\" class=\"accordion-title plain\" aria-expanded=\"false\" aria-controls=\"accordion-591497971-content\"><button class=\"toggle\" aria-label=\"Toggle\"><i class=\"icon-angle-down\"><\/i><\/button><span>\u0110\u01a1n gi\u00e1 b\u00e1n \u0111\u01b0\u1ee3c t\u00ednh nh\u01b0 th\u1ebf n\u00e0o?<\/span><\/a><div id=\"accordion-591497971-content\" class=\"accordion-inner\" aria-labelledby=\"accordion-591497971-label\">\n\n<p>T\u00f9y v\u00e0o m\u1ed7i s\u1ea3n ph\u1ea9m, nh\u00f3m h\u00e0ng s\u1ebd c\u00f3 c\u00e1ch t\u00ednh kh\u00e1c nhau. V\u00ed d\u1ee5: \u0111\u1ed1i v\u1edbi s\u1ea3n ph\u1ea9m l\u00e0 hoa c\u1eaft c\u00e0nh, \u0111\u01a1n gi\u00e1 c\u01a1 b\u1ea3n s\u1ebd \u0111\u01b0\u1ee3c t\u00ednh tr\u00ean 1 c\u00e0nh v\u00e0 \u0111\u01a1n v\u1ecb b\u00e1n l\u00e0 b\u00f3 (g\u1ed3m x c\u00e0nh) v\u00e0 gi\u00e1 b\u00e1n th\u1ef1c t\u1ebf \u0111\u01b0\u1ee3c t\u00ednh tr\u00ean gi\u00e1 b\u00f3. Ngo\u00e0i ra l\u01b0u \u00fd m\u1ed7i s\u1ea3n ph\u1ea9m s\u1ebd c\u00f3 y\u00eau c\u1ea7u s\u1ed1 l\u01b0\u1ee3ng \u0111\u1eb7t h\u00e0ng t\u1ed1i thi\u1ec3u d\u1ef1a tr\u00ean \u0111\u01a1n v\u1ecb b\u00e1n.<\/p>\n\n<\/div><\/div>\n<div id=\"accordion-537488124\" class=\"accordion-item\"><a id=\"accordion-537488124-label\" href=\"#\" class=\"accordion-title plain\" aria-expanded=\"false\" aria-controls=\"accordion-537488124-content\"><button class=\"toggle\" aria-label=\"Toggle\"><i class=\"icon-angle-down\"><\/i><\/button><span>C\u00f3 bao nhi\u00eau lo\u1ea1i khuy\u1ebfn m\u00e3i?<\/span><\/a><div id=\"accordion-537488124-content\" class=\"accordion-inner\" aria-labelledby=\"accordion-537488124-label\">\n\n<p>Dalat Hasfarm B2B th\u01b0\u1eddng xuy\u00ean c\u1eadp nh\u1eadt tin t\u1ee9c khuy\u1ebfn m\u00e3i m\u1ed7i ng\u00e0y, b\u1ea1n c\u00f3 th\u1ec3 xem tr\u00ean m\u1ee5c \u201cTin t\u1ee9c-khuy\u1ebfn m\u00e3i\u201d ho\u1eb7c xem tr\u1ef1c ti\u1ebfp t\u1eebng khuy\u1ebfn m\u00e3i tr\u00ean th\u00f4ng tin chi ti\u1ebft c\u1ee7a s\u1ea3n ph\u1ea9m \u0111\u1ec3 n\u1eafm th\u00f4ng tin \u0111\u1eb7t h\u00e0ng ti\u1ec7n l\u1ee3i.<\/p>\n\n<\/div><\/div>\n<div id=\"accordion-887627792\" class=\"accordion-item\"><a id=\"accordion-887627792-label\" href=\"#\" class=\"accordion-title plain\" aria-expanded=\"false\" aria-controls=\"accordion-887627792-content\"><button class=\"toggle\" aria-label=\"Toggle\"><i class=\"icon-angle-down\"><\/i><\/button><span>L\u00e0m th\u1ebf n\u00e0o \u0111\u1ec3 bi\u1ebft v\u1ec1 ch\u01b0\u01a1ng tr\u00ecnh khuy\u1ebfn m\u00e3i \u0111ang \u0111\u01b0\u1ee3c \u00e1p d\u1ee5ng?<\/span><\/a><div id=\"accordion-887627792-content\" class=\"accordion-inner\" aria-labelledby=\"accordion-887627792-label\">\n\n<p>Tu\u1ef3 v\u00e0o m\u1ed7i th\u1eddi \u0111i\u1ec3m s\u1ebd c\u00f3 nh\u1eefng ch\u01b0\u01a1ng tr\u00ecnh khuy\u1ebfn m\u00e3i kh\u00e1c nhau. C\u00e1c ch\u01b0\u01a1ng tr\u00ecnh khuy\u1ebfn m\u00e3i bao g\u1ed3m: gi\u1ea3m gi\u00e1 tr\u00ean t\u1eebng s\u1ea3n ph\u1ea9m, gi\u1ea3m gi\u00e1 tr\u00ean t\u1ed5ng gi\u00e1 tr\u1ecb \u0111\u01a1n h\u00e0ng, ch\u01b0\u01a1ng tr\u00ecnh mua h\u00e0ng t\u1eb7ng k\u00e8m s\u1ea3n ph\u1ea9m c\u00f9ng lo\u1ea1i ho\u1eb7c kh\u00e1c lo\u1ea1i... v\u00e0 nhi\u1ec1u \u01b0u \u0111\u00e3i \u0111\u1eb7c bi\u1ec7t khi mua h\u00e0ng qua \u1ee9ng d\u1ee5ng.<\/p>\n\n<\/div><\/div>\n<div id=\"accordion-2210347135\" class=\"accordion-item\"><a id=\"accordion-2210347135-label\" href=\"#\" class=\"accordion-title plain\" aria-expanded=\"false\" aria-controls=\"accordion-2210347135-content\"><button class=\"toggle\" aria-label=\"Toggle\"><i class=\"icon-angle-down\"><\/i><\/button><span>L\u00e0m th\u1ebf n\u00e0o \u0111\u1ec3 \u00e1p d\u1ee5ng khuy\u1ebfn m\u00e3i v\u00e0o \u0111\u01a1n h\u00e0ng?<\/span><\/a><div id=\"accordion-2210347135-content\" class=\"accordion-inner\" aria-labelledby=\"accordion-2210347135-label\">\n\n<p>Sau khi l\u1ef1a ch\u1ecdn c\u00e1c s\u1ea3n ph\u1ea9m v\u00e0 s\u1ed1 l\u01b0\u1ee3ng theo nhu c\u1ea7u<br \/>\n1. Gi\u00e1 khuy\u1ebfn m\u00e3i c\u1ee7a t\u1eebng s\u1ea3n ph\u1ea9m s\u1ebd hi\u1ec3n th\u1ecb ngay t\u1ea1i th\u1eddi \u0111i\u1ec3m \u0111\u01b0a s\u1ea3n ph\u1ea9m v\u00e0o gi\u1ecf h\u00e0ng<br \/>\n2. C\u00e1c khuy\u1ebfn m\u00e3i tr\u00ean \u0111\u01a1n h\u00e0ng ho\u1eb7c t\u1eb7ng k\u00e8m s\u1ebd \u0111\u01b0\u1ee3c l\u1ef1a ch\u1ecdn khi b\u1ea1n \u0111\u1ee7 \u0111i\u1ec1u ki\u1ec7n c\u1ee7a ch\u01b0\u01a1ng tr\u00ecnh<br \/>\nL\u01b0u \u00fd vui l\u00f2ng ch\u1ecdn khuy\u1ebfn m\u00e3i b\u1ea1n mong mu\u1ed1n trong tr\u01b0\u1eddng h\u1ee3p c\u00f3 nhi\u1ec1u \u01b0u \u0111\u00e3i kh\u00e1c nhau.<\/p>\n\n<\/div><\/div>\n\n<\/div>\n<h3 class=\"accordion_title\">\u0110\u01a1n h\u00e0ng<\/h3><div class=\"accordion\">\n\n<div id=\"accordion-1057816660\" class=\"accordion-item\"><a id=\"accordion-1057816660-label\" href=\"#\" class=\"accordion-title plain\" aria-expanded=\"false\" aria-controls=\"accordion-1057816660-content\"><button class=\"toggle\" aria-label=\"Toggle\"><i class=\"icon-angle-down\"><\/i><\/button><span>Xem l\u1ecbch s\u1eed \u0111\u01a1n h\u00e0ng \u1edf \u0111\u00e2u?<\/span><\/a><div id=\"accordion-1057816660-content\" class=\"accordion-inner\" aria-labelledby=\"accordion-1057816660-label\">\n\n<p>B\u1ea1n c\u00f3 th\u1ec3 xem l\u1ea1i l\u1ecbch s\u1eed v\u00e0 tr\u1ea1ng th\u00e1i \u0111\u01a1n h\u00e0ng \u1edf<br \/>\n1. M\u1ee5c \"L\u1ecbch \u0111\u1eb7t\" v\u00e0 xem chi ti\u1ebft trong t\u1eebng ng\u00e0y ch\u1ecdn l\u1ef1a<br \/>\n2. M\u1ee5c \"\u0110\u01a1n h\u00e0ng\" v\u00e0 theo d\u00f5i trong t\u1eebng tr\u1ea1ng th\u00e1i \u0111\u01a1n h\u00e0ng t\u01b0\u01a1ng \u1ee9ng.<\/p>\n\n<\/div><\/div>\n<div id=\"accordion-3319173009\" class=\"accordion-item\"><a id=\"accordion-3319173009-label\" href=\"#\" class=\"accordion-title plain\" aria-expanded=\"false\" aria-controls=\"accordion-3319173009-content\"><button class=\"toggle\" aria-label=\"Toggle\"><i class=\"icon-angle-down\"><\/i><\/button><span>\u0110\u01a1n h\u00e0ng nh\u00e1p l\u00e0 g\u00ec?<\/span><\/a><div id=\"accordion-3319173009-content\" class=\"accordion-inner\" aria-labelledby=\"accordion-3319173009-label\">\n\n<p>\u1ee8ng d\u1ee5ng cho ph\u00e9p ng\u01b0\u1eddi d\u00f9ng c\u00f3 th\u1ec3 so\u1ea1n \u0111\u01a1n h\u00e0ng tr\u01b0\u1edbc nh\u01b0ng ch\u01b0a ti\u1ebfn h\u00e0nh \u0111\u1eb7t giao h\u00e0ng g\u1ecdi l\u00e0 \u201c\u0111\u01a1n h\u00e0ng nh\u00e1p\u201d. \u0110\u01a1n h\u00e0ng n\u00e0y \u0111\u01b0\u1ee3c t\u1ea1o ra khi b\u1ea1n ch\u01b0a ho\u00e0n th\u00e0nh vi\u1ec7c x\u00e1c nh\u1eadn \u0111\u1eb7t h\u00e0ng v\u00e0 c\u00f3 th\u1ec3 theo d\u00f5i l\u1ea1i trong l\u1ecbch s\u1eed \u0111\u1eb7t h\u00e0ng.<\/p>\n\n<\/div><\/div>\n<div id=\"accordion-2981095172\" class=\"accordion-item\"><a id=\"accordion-2981095172-label\" href=\"#\" class=\"accordion-title plain\" aria-expanded=\"false\" aria-controls=\"accordion-2981095172-content\"><button class=\"toggle\" aria-label=\"Toggle\"><i class=\"icon-angle-down\"><\/i><\/button><span>L\u00e0m th\u1ebf n\u00e0o \u0111\u1ec3 \u0111\u1eb7t l\u1ea1i \u0111\u01a1n h\u00e0ng \u0111\u00e3 x\u00f3a?<\/span><\/a><div id=\"accordion-2981095172-content\" class=\"accordion-inner\" aria-labelledby=\"accordion-2981095172-label\">\n\n<p>Trong m\u1ee5c \"\u0110\u01a1n h\u00e0ng\", b\u1ea1n ch\u1ecdn danh s\u00e1ch \u0111\u01a1n h\u00e0ng \u201c\u0110\u00e3 xo\u00e1\u201d v\u00e0 ch\u1ecdn l\u1ea1i \u0111\u01a1n h\u00e0ng c\u1ea7n kh\u00f4i ph\u1ee5c, thao t\u00e1c \u201c\u0110\u1eb7t l\u1ea1i\u201d.<\/p>\n\n<\/div><\/div>\n<div id=\"accordion-1628904362\" class=\"accordion-item\"><a id=\"accordion-1628904362-label\" href=\"#\" class=\"accordion-title plain\" aria-expanded=\"false\" aria-controls=\"accordion-1628904362-content\"><button class=\"toggle\" aria-label=\"Toggle\"><i class=\"icon-angle-down\"><\/i><\/button><span>L\u00e0m th\u1ebf n\u00e0o \u0111\u1ec3 h\u1ee7y \u0111\u01a1n h\u00e0ng \u0111\u00e3 \u0111\u1eb7t?<\/span><\/a><div id=\"accordion-1628904362-content\" class=\"accordion-inner\" aria-labelledby=\"accordion-1628904362-label\">\n\n<p>Trong m\u1ee5c \u201c\u0111\u01a1n h\u00e0ng\" nh\u1ea5n ch\u1ecdn \u0111\u01a1n h\u00e0ng c\u1ea7n hu\u1ef7 thao t\u00e1c \u201cHu\u1ef7 \u0111\u01a1n\u201d v\u00e0 x\u00e1c nh\u1eadn. Tuy nhi\u00ean b\u1ea1n l\u01b0u \u00fd v\u1edbi c\u00e1c \u0111\u01a1n h\u00e0ng \u0111\u00e3 \u0111\u01b0\u1ee3c x\u00e1c nh\u1eadn t\u1eeb Dalat Hasfarm v\u00e0 \u0111ang trong qu\u00e1 tr\u00ecnh giao h\u00e0ng, b\u1ea1n kh\u00f4ng th\u1ec3 H\u1ee7y \u0111\u01a1n h\u00e0ng.<\/p>\n\n<\/div><\/div>\n\n<\/div>\n\t\t<\/div>\n\t\t\t\t\t<\/div>\n\n\t\n\n<style>\n#row-2051625451 > .col > .col-inner {\n  padding: 20px 0px 0px 0px;\n}\n@media (min-width:550px) {\n  #row-2051625451 > .col > .col-inner {\n    padding: 20px 0px 0px 0px;\n  }\n}\n<\/style>\n<\/div>\n\n","protected":false},"excerpt":{"rendered":"","protected":false},"author":1,"featured_media":0,"parent":0,"menu_order":0,"comment_status":"closed","ping_status":"closed","template":"","meta":[],"aioseo_notices":[],"_links":{"self":[{"href":"https:\/\/b2b.dalathasfarm.com\/portal\/wp-json\/wp\/v2\/pages\/526"}],"collection":[{"href":"https:\/\/b2b.dalathasfarm.com\/portal\/wp-json\/wp\/v2\/pages"}],"about":[{"href":"https:\/\/b2b.dalathasfarm.com\/portal\/wp-json\/wp\/v2\/types\/page"}],"author":[{"embeddable":true,"href":"https:\/\/b2b.dalathasfarm.com\/portal\/wp-json\/wp\/v2\/users\/1"}],"replies":[{"embeddable":true,"href":"https:\/\/b2b.dalathasfarm.com\/portal\/wp-json\/wp\/v2\/comments?post=526"}],"version-history":[{"count":0,"href":"https:\/\/b2b.dalathasfarm.com\/portal\/wp-json\/wp\/v2\/pages\/526\/revisions"}],"wp:attachment":[{"href":"https:\/\/b2b.dalathasfarm.com\/portal\/wp-json\/wp\/v2\/media?parent=526"}],"curies":[{"name":"wp","href":"https:\/\/api.w.org\/{rel}","templated":true}]}}