{"id":84,"date":"2013-08-11T19:06:15","date_gmt":"2013-08-11T19:06:15","guid":{"rendered":"http:\/\/localhost:8888\/test\/?page_id=520"},"modified":"2023-05-26T17:02:04","modified_gmt":"2023-05-26T10:02:04","slug":"about-us","status":"publish","type":"page","link":"https:\/\/b2b.dalathasfarm.com\/portal\/en\/about-us\/","title":{"rendered":"About us"},"content":{"rendered":"\n  <div class=\"banner has-hover has-parallax\" id=\"banner-1605655560\">\n          <div class=\"banner-inner fill\">\n        <div class=\"banner-bg fill\" data-parallax=\"-3\" data-parallax-container=\".banner\" data-parallax-background>\n            <div class=\"bg fill bg-fill \"><\/div>\n                        <div class=\"overlay\"><\/div>            \n                    <\/div>\n\t\t\n        <div class=\"banner-layers container\">\n            <div class=\"fill banner-link\"><\/div>            \n   <div id=\"text-box-1348798366\" class=\"text-box banner-layer x50 md-x50 lg-x50 y80 md-y80 lg-y80 res-text\">\n                                <div class=\"text-box-content text dark\">\n              \n              <div class=\"text-inner text-center\">\n                  \n<h1 class=\"lead\">Dalat Hasfarm B2B<\/h1>\n<p class=\"lead\">This is the official online wholesale of cut flowers, potted flowers, foams, materials and related products of Dalat Hasfarm.<\/p>\n              <\/div>\n           <\/div>\n                            \n<style>\n#text-box-1348798366 {\n  width: 90%;\n}\n#text-box-1348798366 .text-box-content {\n  font-size: 100%;\n}\n@media (min-width:550px) {\n  #text-box-1348798366 {\n    width: 60%;\n  }\n}\n<\/style>\n    <\/div>\n \n        <\/div>\n      <\/div>\n\n            \n<style>\n#banner-1605655560 {\n  padding-top: 56.25%;\n}\n#banner-1605655560 .bg.bg-loaded {\n  background-image: url(https:\/\/b2b.dalathasfarm.com\/portal\/wp-content\/uploads\/2023\/05\/Background_b2bportal.jpg);\n}\n#banner-1605655560 .overlay {\n  background-color: rgba(0, 0, 0, 0.49);\n}\n#banner-1605655560 .ux-shape-divider--top svg {\n  height: 150px;\n  --divider-top-width: 100%;\n}\n#banner-1605655560 .ux-shape-divider--bottom svg {\n  height: 150px;\n  --divider-width: 100%;\n}\n@media (min-width:550px) {\n  #banner-1605655560 {\n    padding-top: 360px;\n  }\n}\n<\/style>\n  <\/div>\n\n\n\t<section class=\"section\" id=\"section_1926409713\">\n\t\t<div class=\"bg section-bg fill bg-fill  bg-loaded\" >\n\n\t\t\t\n\t\t\t\n\t\t\t\n\n\t\t<\/div>\n\n\t\t\n\n\t\t<div class=\"section-content relative\">\n\t\t\t\n<div class=\"container section-title-container\" ><h3 class=\"section-title section-title-normal\"><b><\/b><span class=\"section-title-main\" >ABOUT Dalat hasfarm<\/span><b><\/b><\/h3><\/div>\n<div class=\"row\"  id=\"row-33721342\">\n\n\t<div id=\"col-1641568475\" class=\"col small-12 large-12\"  >\n\t\t\t\t<div class=\"col-inner\"  >\n\t\t\t\n\t\t\t\n<p>Company name: Dalat Hasfarm Co., Ltd<br \/>Head office: 450 Nguyen Tu Luc, Ward 8, Da Lat, Lam Dong, Vietnam<br \/>Trade name: Dalat Hasfarm<br \/>Founding Date: June 7, 1994<br \/>Number of employees (2023): more than 4,500<br \/>Brother Companies: Greenwings Japan, Greenwings New Zealand, Kunming Hasfarm (China), Toba Hasfarm (Indonesia), Bromelia Flowers (Indonesia), Tropika (Indonesia).<br \/>Scope of business: production and distribution of young plant, cut flowers and potted plants in the domestic market and export.<\/p>\n<div class=\"text-center\"><div class=\"is-divider divider clearfix\" ><\/div><\/div>\n<h3 style>COMPANY HISTORY<\/h3>\n<p>The cool climate, suitable soil, abundant human resources in addition to convenient transportation to international markets are the reasons why Mr. Thomas Hooft &#8211; the founder of Dalat Hasfarm chose Da Lat, Vietnam as his destination. where to start building our first flower farm. With just one hectare of roses and one hectare of carnations grown in simple bamboo greenhouses. So far over the years we have switched to building all-steel greenhouses and opened more farms in Da Ron, Da Quy and Lam Ha with more than 320 hectares of land for production.<\/p>\n<div class=\"row\"  id=\"row-341216360\">\n\n\t<div id=\"col-1853726890\" class=\"col medium-6 small-12 large-6\"  >\n\t\t\t\t<div class=\"col-inner\"  >\n\t\t\t\n\t\t\t\n<h3 style>PRODUCTS<\/h3>\n<p>Dalat Hasfarm grows flowers, strawberries and clean vegetable products in the highlands of Lam Dong, Vietnam. Agricultural products provided by Dalat Hasfarm are diverse in types and meet high quality standards, targeting customers in Vietnam and international markets. We strongly apply high-tech solutions and sustainable development in farming, supply chain management, distribution and retail. This has made us a leader in the production of cut flowers and potted plants worldwide. Dalat Hasfarm is constantly looking for innovative ways to grow products from young plants to finished flowers. Our goal is to bring the best quality products to our customers.<\/p>\n\t\t<\/div>\n\t\t\t\t\t<\/div>\n\n\t\n\n\t<div id=\"col-2045317515\" class=\"col medium-6 small-12 large-6\"  >\n\t\t\t\t<div class=\"col-inner\"  >\n\t\t\t\n\t\t\t\n\t<div class=\"img has-hover x md-x lg-x y md-y lg-y\" id=\"image_75524524\">\n\t\t\t\t\t\t<div data-animate=\"bounceInRight\">\t\t<div class=\"img-inner dark\" >\n\t\t\t<img width=\"1650\" height=\"670\" src=\"https:\/\/b2b.dalathasfarm.com\/portal\/wp-content\/uploads\/2023\/04\/home-B2B.jpg\" class=\"attachment-original size-original\" alt=\"\" decoding=\"async\" loading=\"lazy\" srcset=\"https:\/\/b2b.dalathasfarm.com\/portal\/wp-content\/uploads\/2023\/04\/home-B2B.jpg 1650w, https:\/\/b2b.dalathasfarm.com\/portal\/wp-content\/uploads\/2023\/04\/home-B2B-800x325.jpg 800w, https:\/\/b2b.dalathasfarm.com\/portal\/wp-content\/uploads\/2023\/04\/home-B2B-1400x568.jpg 1400w, https:\/\/b2b.dalathasfarm.com\/portal\/wp-content\/uploads\/2023\/04\/home-B2B-768x312.jpg 768w, https:\/\/b2b.dalathasfarm.com\/portal\/wp-content\/uploads\/2023\/04\/home-B2B-1536x624.jpg 1536w\" sizes=\"(max-width: 1650px) 100vw, 1650px\" \/>\t\t\t\t\t\t\n\t\t\t\t\t<\/div>\n\t\t<\/div>\t\t\t\t\t\t\n<style>\n#image_75524524 {\n  width: 100%;\n}\n<\/style>\n\t<\/div>\n\t\n\t\t<\/div>\n\t\t\t\t\n<style>\n#col-2045317515 > .col-inner {\n  margin: 0px 0px 0px 0px;\n}\n@media (min-width:550px) {\n  #col-2045317515 > .col-inner {\n    margin: 30px 0px 0px 0px;\n  }\n}\n<\/style>\n\t<\/div>\n\n\t\n<\/div>\n<div class=\"row\"  id=\"row-1519637355\">\n\n\t<div id=\"col-442776934\" class=\"col medium-4 small-12 large-4\"  data-animate=\"fadeInLeft\">\n\t\t\t\t<div class=\"col-inner\"  >\n\t\t\t\n\t\t\t\n<h3 style>VISION<\/h3>\n<p>Dalat Hasfarm strives to become the first choice in the Asia Pacific flower market, a flower supplier with high technology, innovation and customer orientation.<\/p>\n\t\t<\/div>\n\t\t\t\t\t<\/div>\n\n\t\n\n\t<div id=\"col-527138382\" class=\"col medium-4 small-12 large-4\"  data-animate=\"fadeInDown\">\n\t\t\t\t<div class=\"col-inner\"  >\n\t\t\t\n\t\t\t\n<h3>MISSION<\/h3>\n<p>Dalat Hasfarm will always create, produce and distribute the best quality flowers, plants, young plants and related products and services, operating in the direction of sustainable development with social responsibility. and the highest commitment to stakeholders.<\/p>\n\t\t<\/div>\n\t\t\t\t\t<\/div>\n\n\t\n\n\t<div id=\"col-1129840737\" class=\"col medium-4 small-12 large-4\"  data-animate=\"fadeInRight\">\n\t\t\t\t<div class=\"col-inner\"  >\n\t\t\t\n\t\t\t\n<h3>CORE VALUES<\/h3>\n<p>Always innovating<br \/>\nSustainable Development<br \/>\nAlways customer oriented<br \/>\nHigh technology<\/p>\n\t\t<\/div>\n\t\t\t\t\t<\/div>\n\n\t\n<\/div>\n<p style=\"text-align: center;\"><iframe loading=\"lazy\" title=\"YouTube video player\" src=\"https:\/\/www.youtube.com\/embed\/AueJSkLfQIM\" width=\"560\" height=\"315\" frameborder=\"0\" allowfullscreen=\"allowfullscreen\"><\/iframe><\/p>\n\t\t<\/div>\n\t\t\t\t\t<\/div>\n\n\t\n<\/div>\n\t\t<\/div>\n\n\t\t\n<style>\n#section_1926409713 {\n  padding-top: 15px;\n  padding-bottom: 15px;\n}\n#section_1926409713 .ux-shape-divider--top svg {\n  height: 150px;\n  --divider-top-width: 100%;\n}\n#section_1926409713 .ux-shape-divider--bottom svg {\n  height: 150px;\n  --divider-width: 100%;\n}\n<\/style>\n\t<\/section>\n\t\n\t<section class=\"section\" id=\"section_1803599342\">\n\t\t<div class=\"bg section-bg fill bg-fill  bg-loaded\" >\n\n\t\t\t\n\t\t\t<div class=\"section-bg-overlay absolute fill\"><\/div>\n\t\t\t\n\n\t\t<\/div>\n\n\t\t\n\n\t\t<div class=\"section-content relative\">\n\t\t\t\n<div class=\"container section-title-container\" ><h3 class=\"section-title section-title-normal\"><b><\/b><span class=\"section-title-main\" >DISTRIBUTION CENTERS IN VIETNAM<\/span><b><\/b><\/h3><\/div>\n<div class=\"row\"  id=\"row-2106774489\">\n\n\t<div id=\"col-881379482\" class=\"col medium-6 small-12 large-6\"  >\n\t\t\t\t<div class=\"col-inner\"  >\n\t\t\t\n\t\t\t\n<p>Dalat Hasfarm distributes products in provinces and cities nationwide through 4 main distribution centers.<\/p>\n<div class=\"row\"  id=\"row-1026458533\">\n\n\n\t<div id=\"col-2142497418\" class=\"col small-12 large-12\"  >\n\t\t\t\t<div class=\"col-inner\"  >\n\t\t\t\n\t\t\t\n\n<p><strong>H\u1ed3 Ch\u00ed Minh DC<\/strong> - L\u00f4 III 4-5, \u0110\u01b0\u1eddng s\u1ed1 10, KCN T\u00e2n B\u00ecnh, T\u00e2n Ph\u00fa, TP.HCM<br \/><em>Hotline: 028 3811 2801<\/em><br \/><strong>H\u00e0 N\u1ed9i DC<\/strong> - 03-05 Nguy\u1ec5n V\u0103n Linh, Long Bi\u00ean, H\u00e0 N\u1ed9i<br \/><em>Hotline: 024 3593 1888<\/em><br \/><strong>\u0110\u00e0 L\u1ea1t DC<\/strong> - 450 Nguy\u00ean T\u1eed L\u1ef1c, P.8, \u00d0\u00e0 L\u1ea1t, L\u00e2m \u00d0\u1ed3ng<br \/><em>Hotline: 0263 382 4947<\/em><br \/><strong>C\u1ea7n Th\u01a1 DC<\/strong> - 358 T\u1ea7m Vu, H\u01b0ng L\u1ee3i, Ninh Ki\u1ec1u, C\u1ea7n Th\u01a1<br \/><em>Hotline: 0292 394 3171<\/em><\/p>\n\n\t\t<\/div>\n\t\t\t\t\t<\/div>\n\n\t\n\n<\/div>\n\t\t<\/div>\n\t\t\t\t\t<\/div>\n\n\t\n\n\t<div id=\"col-89311153\" class=\"col medium-6 small-12 large-6\"  data-animate=\"fadeInRight\">\n\t\t\t\t<div class=\"col-inner text-center\"  >\n\t\t\t\n\t\t\t\n\t<div class=\"img has-hover x md-x lg-x y md-y lg-y\" id=\"image_2121525915\">\n\t\t\t\t\t\t<div data-animate=\"fadeInLeft\">\t\t<div class=\"img-inner dark\" >\n\t\t\t<img width=\"1200\" height=\"900\" src=\"https:\/\/b2b.dalathasfarm.com\/portal\/wp-content\/uploads\/2023\/05\/b2bportal_DC.jpg\" class=\"attachment-original size-original\" alt=\"\" decoding=\"async\" loading=\"lazy\" srcset=\"https:\/\/b2b.dalathasfarm.com\/portal\/wp-content\/uploads\/2023\/05\/b2bportal_DC.jpg 1200w, https:\/\/b2b.dalathasfarm.com\/portal\/wp-content\/uploads\/2023\/05\/b2bportal_DC-533x400.jpg 533w, https:\/\/b2b.dalathasfarm.com\/portal\/wp-content\/uploads\/2023\/05\/b2bportal_DC-1067x800.jpg 1067w, https:\/\/b2b.dalathasfarm.com\/portal\/wp-content\/uploads\/2023\/05\/b2bportal_DC-768x576.jpg 768w\" sizes=\"(max-width: 1200px) 100vw, 1200px\" \/>\t\t\t\t\t\t\n\t\t\t\t\t<\/div>\n\t\t<\/div>\t\t\t\t\t\t\n<style>\n#image_2121525915 {\n  width: 100%;\n}\n@media (min-width:550px) {\n  #image_2121525915 {\n    width: 80%;\n  }\n}\n<\/style>\n\t<\/div>\n\t\n\t\t<\/div>\n\t\t\t\t\t<\/div>\n\n\t\n<\/div>\n\t\t<\/div>\n\n\t\t\n<style>\n#section_1803599342 {\n  padding-top: 15px;\n  padding-bottom: 15px;\n  background-color: rgb(193, 193, 193);\n}\n#section_1803599342 .section-bg-overlay {\n  background-color: rgba(255, 255, 255, 0.85);\n}\n#section_1803599342 .ux-shape-divider--top svg {\n  height: 150px;\n  --divider-top-width: 100%;\n}\n#section_1803599342 .ux-shape-divider--bottom svg {\n  height: 150px;\n  --divider-width: 100%;\n}\n<\/style>\n\t<\/section>\n\t\n\t<section class=\"section\" id=\"section_824624754\">\n\t\t<div class=\"bg section-bg fill bg-fill  bg-loaded\" >\n\n\t\t\t\n\t\t\t\n\t\t\t\n\n\t\t<\/div>\n\n\t\t\n\n\t\t<div class=\"section-content relative\">\n\t\t\t\n<div class=\"container section-title-container\" ><h3 class=\"section-title section-title-normal\"><b><\/b><span class=\"section-title-main\" >ABOUT B2B APP<\/span><b><\/b><\/h3><\/div>\n<div class=\"row\"  id=\"row-29368955\">\n\n\t<div id=\"col-1589694706\" class=\"col medium-10 small-12 large-10\"  >\n\t\t\t\t<div class=\"col-inner\"  >\n\t\t\t\n\t\t\t\n<div class=\"row\"  id=\"row-1683646363\">\n\n\n\t<div id=\"col-2014687674\" class=\"col small-12 large-12\"  >\n\t\t\t\t<div class=\"col-inner\"  >\n\t\t\t\n\t\t\t\n\n\t<div id=\"text-163996743\" class=\"text\">\n\t\t\n\n<p>Cung c\u1ea5p nhi\u1ec1u t\u00ednh n\u0103ng v\u00e0 mang l\u1ea1i l\u1ee3i \u00edch gi\u00fap t\u1ed1i \u01b0u h\u00f3a quy tr\u00ecnh mua h\u00e0ng s\u1ed1 l\u01b0\u1ee3ng l\u1edbn v\u00e0 th\u01b0\u1eddng xuy\u00ean bao g\u1ed3m vi\u1ec7c l\u1ef1a ch\u1ecdn \u0111a d\u1ea1ng s\u1ea3n ph\u1ea9m, th\u00f4ng tin gi\u00e1, t\u00ecnh tr\u1ea1ng h\u00e0ng h\u00f3a v\u00e0 qu\u1ea3n l\u00fd \u0111\u01a1n h\u00e0ng theo th\u1eddi gian th\u1ef1c. Ngo\u00e0i ra, \u1ee9ng d\u1ee5ng c\u00f2n nhi\u1ec1u ti\u1ec7n \u00edch c\u00e1 nh\u00e2n h\u00f3a ng\u01b0\u1eddi d\u00f9ng, h\u1ed7 tr\u1ee3 d\u1ecbch v\u1ee5 kh\u00e1ch h\u00e0ng nh\u1eb1m mang \u0111\u1ebfn tr\u1ea3i nghi\u1ec7m mua h\u00e0ng t\u1ed1t nh\u1ea5t.<\/p>\n\t\t\n<style>\n#text-163996743 {\n  text-align: left;\n}\n<\/style>\n\t<\/div>\n\t\n\n\t\t<\/div>\n\t\t\t\t\t<\/div>\n\n\t\n\n<\/div>\n<p>Dalat Hasfarm B2B App is an mobile application only for customers who buy wholesale or buy flowers in bulk from the current distribution centers of Dalat Hasfarm nationwide. This means retail, individual or occasional customers will not be able to access this app.<\/p>\n<a data-animate=\"fadeInDown\" href=\"https:\/\/b2b.dalathasfarm.com\/portal\/#downloadapp\" target=\"_self\" class=\"button primary expand\"  style=\"border-radius:99px;\">\n    <span>Download Now<\/span>\n  <\/a>\n\n\t\t<\/div>\n\t\t\t\t\t<\/div>\n\n\t\n\n\t<div id=\"col-287534464\" class=\"col medium-2 small-12 large-2\"  >\n\t\t\t\t<div class=\"col-inner text-center\"  >\n\t\t\t\n\t\t\t\n\t<div class=\"img has-hover x md-x lg-x y md-y lg-y\" id=\"image_247599695\">\n\t\t\t\t\t\t\t\t<div class=\"img-inner dark\" >\n\t\t\t<img width=\"420\" height=\"854\" src=\"https:\/\/b2b.dalathasfarm.com\/portal\/wp-content\/uploads\/2023\/05\/PHONE_login.png\" class=\"attachment-original size-original\" alt=\"\" decoding=\"async\" loading=\"lazy\" srcset=\"https:\/\/b2b.dalathasfarm.com\/portal\/wp-content\/uploads\/2023\/05\/PHONE_login.png 420w, https:\/\/b2b.dalathasfarm.com\/portal\/wp-content\/uploads\/2023\/05\/PHONE_login-197x400.png 197w, https:\/\/b2b.dalathasfarm.com\/portal\/wp-content\/uploads\/2023\/05\/PHONE_login-393x800.png 393w\" sizes=\"(max-width: 420px) 100vw, 420px\" \/>\t\t\t\t\t\t\n\t\t\t\t\t<\/div>\n\t\t\t\t\t\t\t\t\n<style>\n#image_247599695 {\n  width: 60%;\n}\n@media (min-width:550px) {\n  #image_247599695 {\n    width: 100%;\n  }\n}\n<\/style>\n\t<\/div>\n\t\n\t\t<\/div>\n\t\t\t\t\t<\/div>\n\n\t\n<\/div>\n\t\t<\/div>\n\n\t\t\n<style>\n#section_824624754 {\n  padding-top: 30px;\n  padding-bottom: 30px;\n}\n#section_824624754 .ux-shape-divider--top svg {\n  height: 150px;\n  --divider-top-width: 100%;\n}\n#section_824624754 .ux-shape-divider--bottom svg {\n  height: 150px;\n  --divider-width: 100%;\n}\n<\/style>\n\t<\/section>\n\t\n","protected":false},"excerpt":{"rendered":"","protected":false},"author":1,"featured_media":0,"parent":0,"menu_order":0,"comment_status":"closed","ping_status":"closed","template":"page-blank.php","meta":[],"aioseo_notices":[],"_links":{"self":[{"href":"https:\/\/b2b.dalathasfarm.com\/portal\/wp-json\/wp\/v2\/pages\/84"}],"collection":[{"href":"https:\/\/b2b.dalathasfarm.com\/portal\/wp-json\/wp\/v2\/pages"}],"about":[{"href":"https:\/\/b2b.dalathasfarm.com\/portal\/wp-json\/wp\/v2\/types\/page"}],"author":[{"embeddable":true,"href":"https:\/\/b2b.dalathasfarm.com\/portal\/wp-json\/wp\/v2\/users\/1"}],"replies":[{"embeddable":true,"href":"https:\/\/b2b.dalathasfarm.com\/portal\/wp-json\/wp\/v2\/comments?post=84"}],"version-history":[{"count":0,"href":"https:\/\/b2b.dalathasfarm.com\/portal\/wp-json\/wp\/v2\/pages\/84\/revisions"}],"wp:attachment":[{"href":"https:\/\/b2b.dalathasfarm.com\/portal\/wp-json\/wp\/v2\/media?parent=84"}],"curies":[{"name":"wp","href":"https:\/\/api.w.org\/{rel}","templated":true}]}}